{"id":54,"date":"2023-08-21T16:22:44","date_gmt":"2023-08-21T14:22:44","guid":{"rendered":"https:\/\/www.feridgiebler.de\/?page_id=54"},"modified":"2023-08-22T21:57:46","modified_gmt":"2023-08-22T19:57:46","slug":"nachhaltige-entwicklung","status":"publish","type":"page","link":"https:\/\/www.feridgiebler.de\/?page_id=54","title":{"rendered":"Nachhaltige Entwicklung"},"content":{"rendered":"\n<div class=\"wp-block-group alignfull is-layout-flow wp-block-group-is-layout-flow\">\n<div class=\"wp-block-cover is-light\"><span aria-hidden=\"true\" class=\"wp-block-cover__background has-background-dim-0 has-background-dim\"><\/span><img loading=\"lazy\" decoding=\"async\" width=\"2560\" height=\"1707\" class=\"wp-block-cover__image-background wp-image-401\" alt=\"\" src=\"https:\/\/www.feridgiebler.de\/wp-content\/uploads\/2023\/08\/687A6957-DeNoiseAI-severe-noise-scaled.jpg\" data-object-fit=\"cover\" srcset=\"https:\/\/www.feridgiebler.de\/wp-content\/uploads\/2023\/08\/687A6957-DeNoiseAI-severe-noise-scaled.jpg 2560w, https:\/\/www.feridgiebler.de\/wp-content\/uploads\/2023\/08\/687A6957-DeNoiseAI-severe-noise-300x200.jpg 300w, https:\/\/www.feridgiebler.de\/wp-content\/uploads\/2023\/08\/687A6957-DeNoiseAI-severe-noise-1024x683.jpg 1024w, https:\/\/www.feridgiebler.de\/wp-content\/uploads\/2023\/08\/687A6957-DeNoiseAI-severe-noise-768x512.jpg 768w, https:\/\/www.feridgiebler.de\/wp-content\/uploads\/2023\/08\/687A6957-DeNoiseAI-severe-noise-1536x1024.jpg 1536w, https:\/\/www.feridgiebler.de\/wp-content\/uploads\/2023\/08\/687A6957-DeNoiseAI-severe-noise-2048x1365.jpg 2048w\" sizes=\"auto, (max-width: 2560px) 100vw, 2560px\" \/><div class=\"wp-block-cover__inner-container is-layout-flow wp-block-cover-is-layout-flow\">\n<div style=\"height:750px\" aria-hidden=\"true\" class=\"wp-block-spacer\"><\/div>\n<\/div><\/div>\n<\/div>\n\n\n\n<div class=\"wp-block-group has-background-primary-color has-text-color has-background is-layout-flow wp-block-group-is-layout-flow\" style=\"background-color:#1e3848\">\n<h3 class=\"wp-block-heading has-background-primary-color has-text-color pt__10 pb__5 pl__10 pr__10\" style=\"font-style:normal;font-weight:400\">Nachhaltige Entwicklung<\/h3>\n\n\n\n<p class=\"has-background-primary-color has-text-color has-text-xs-font-size pt__5 pb__10 pl__10 pr__10\"><strong><strong>Unsere gr\u00f6\u00dften Herausforderungen: demografischer Wandel, finanzielle Handlungsf\u00e4higkeit, Umsetzung der Energiewende. Die Zukunft begreifen wir dabei als Chance und gehen verantwortungsvoll mit unserer Natur und Umwelt um.<\/strong><\/strong><\/p>\n<\/div>\n\n\n\n<div class=\"wp-block-group alignfull pt__10 pb__10 pl__10 pr__10 is-layout-flow wp-block-group-is-layout-flow\">\n<div class=\"wp-block-group is-layout-flow wp-block-group-is-layout-flow\">\n<div class=\"wp-block-group is-layout-flow wp-block-group-is-layout-flow\">\n<h5 class=\"wp-block-heading has-text-color has-text-xs-font-size pt__10 pb__5\" style=\"color:#1e3848\">GEMEINSAM konnten wir u.a. erreichen:<\/h5>\n\n\n\n<ul class=\"pl__5 wp-block-list\" style=\"line-height:2.5\">\n<li class=\"has-text-xxs-font-size\">finanzielle Handlungsf\u00e4higkeit durch Haushaltsdisziplin und konsequenten Schuldenabbau<\/li>\n\n\n\n<li class=\"has-text-xxs-font-size\">Haushaltskonsolidierung: mehr Einwohner, Vollvermietung kommunaler Objekte, Absto\u00dfen unwirtschaftlicher Immobilien, F\u00f6rdermittel f\u00fcr viele Vorhaben, Spendenakquise, Personal eingespart, Aufgabenteilung mit Nachbarkommunen, Gr\u00fcndung kommunales Energieeffizienznetzwerk KEEN<\/li>\n\n\n\n<li class=\"has-text-xxs-font-size\">Festlegung auf wenige geeignete Fl\u00e4chen f\u00fcr Solar- und Windenergie, um restliches Landschaftsbild der Gemeinde freizuhalten<\/li>\n\n\n\n<li class=\"has-text-xxs-font-size\">starke Partnerschaften und Projekte mit Naturschutzverb\u00e4nden, D\u00fcbener Heide e.V., Haus am See, Schulen, engagierter B\u00fcrgerschaft und gemeinn\u00fctzigen Vereinen (z.B. Tierschutzverein Z\u00f6rbig)<\/li>\n<\/ul>\n<\/div>\n\n\n\n<div class=\"wp-block-group is-layout-flow wp-block-group-is-layout-flow\">\n<h5 class=\"wp-block-heading has-text-color has-text-xs-font-size pt__10 pb__5\" style=\"color:#1e3848\">F\u00fcr die ZUKUNFT habe ich mir u.a. vorgenommen:<\/h5>\n\n\n\n<ul class=\"pl__5 wp-block-list\" style=\"line-height:2.5\">\n<li class=\"has-text-xxs-font-size\">Haushaltsdisziplin, -konsolidierung und Schuldenabbau<\/li>\n\n\n\n<li class=\"has-text-xxs-font-size\">maximal m\u00f6glichen Einfluss auf \u201egeordnete und begrenzte\u201c Solar- und Windenergienutzung nehmen sowie bestm\u00f6gliche lokale und regionale Wertsch\u00f6pfung realisieren<\/li>\n\n\n\n<li class=\"has-text-xxs-font-size\">\u00dcbersch\u00fcsse aus Stromerzeugung f\u00fcr gemeinn\u00fctzige Zwecke verwenden<\/li>\n\n\n\n<li class=\"has-text-xxs-font-size\">Uferbereiche an Seen und Mulde grunds\u00e4tzlich nat\u00fcrlich entwickeln<\/li>\n\n\n\n<li class=\"has-text-xxs-font-size\">Ausgleichs- und Ersatzma\u00dfnahmen priorit\u00e4r auf kommunalen Fl\u00e4chen, Eingriffe in Natur und Umwelt vollst\u00e4ndig auszugleichen<\/li>\n\n\n\n<li class=\"has-text-xxs-font-size\">mit B\u00fcrgerschaft, Schule, Naturschutzorganisationen und Forstbetriebsgemeinschaft Heideland weiter auf Augenh\u00f6he kooperieren<\/li>\n<\/ul>\n<\/div>\n\n\n\n<div class=\"wp-block-group is-layout-flow wp-block-group-is-layout-flow\">\n<h5 class=\"wp-block-heading has-text-color has-text-xs-font-size pt__10 pb__5\" style=\"color:#1e3848\">Programm zum Download<\/h5>\n\n\n\n<ul class=\"pl__5 wp-block-list\" style=\"line-height:2.5\">\n<li class=\"has-text-xxs-font-size\"><a href=\"https:\/\/www.feridgiebler.de\/wp-content\/uploads\/2023\/08\/11-Nachhaltige-Entwicklung_X.pdf\" data-type=\"link\" data-id=\"https:\/\/www.feridgiebler.de\/wp-content\/uploads\/2023\/08\/11-Nachhaltige-Entwicklung_X.pdf\" target=\"_blank\" rel=\"noreferrer noopener\">Download Nachhaltige Entwicklung<\/a><\/li>\n<\/ul>\n<\/div>\n<\/div>\n<\/div>\n","protected":false},"excerpt":{"rendered":"<p>Nachhaltige Entwicklung Unsere gr\u00f6\u00dften Herausforderungen: demografischer Wandel, finanzielle Handlungsf\u00e4higkeit, Umsetzung der Energiewende. Die Zukunft begreifen wir dabei als Chance und gehen verantwortungsvoll mit unserer Natur und Umwelt um. GEMEINSAM konnten wir u.a. erreichen: F\u00fcr die ZUKUNFT habe ich mir u.a. vorgenommen: Programm zum Download<\/p>\n","protected":false},"author":1,"featured_media":0,"parent":0,"menu_order":7,"comment_status":"closed","ping_status":"closed","template":"","meta":{"footnotes":""},"class_list":["post-54","page","type-page","status-publish","hentry"],"_links":{"self":[{"href":"https:\/\/www.feridgiebler.de\/index.php?rest_route=\/wp\/v2\/pages\/54","targetHints":{"allow":["GET"]}}],"collection":[{"href":"https:\/\/www.feridgiebler.de\/index.php?rest_route=\/wp\/v2\/pages"}],"about":[{"href":"https:\/\/www.feridgiebler.de\/index.php?rest_route=\/wp\/v2\/types\/page"}],"author":[{"embeddable":true,"href":"https:\/\/www.feridgiebler.de\/index.php?rest_route=\/wp\/v2\/users\/1"}],"replies":[{"embeddable":true,"href":"https:\/\/www.feridgiebler.de\/index.php?rest_route=%2Fwp%2Fv2%2Fcomments&post=54"}],"version-history":[{"count":20,"href":"https:\/\/www.feridgiebler.de\/index.php?rest_route=\/wp\/v2\/pages\/54\/revisions"}],"predecessor-version":[{"id":471,"href":"https:\/\/www.feridgiebler.de\/index.php?rest_route=\/wp\/v2\/pages\/54\/revisions\/471"}],"wp:attachment":[{"href":"https:\/\/www.feridgiebler.de\/index.php?rest_route=%2Fwp%2Fv2%2Fmedia&parent=54"}],"curies":[{"name":"wp","href":"https:\/\/api.w.org\/{rel}","templated":true}]}}