{"id":52,"date":"2023-08-21T16:22:31","date_gmt":"2023-08-21T14:22:31","guid":{"rendered":"https:\/\/www.feridgiebler.de\/?page_id=52"},"modified":"2023-08-22T21:56:51","modified_gmt":"2023-08-22T19:56:51","slug":"infrastruktur","status":"publish","type":"page","link":"https:\/\/www.feridgiebler.de\/?page_id=52","title":{"rendered":"Infrastruktur"},"content":{"rendered":"\n<div class=\"wp-block-group alignfull is-layout-flow wp-block-group-is-layout-flow\">\n<div class=\"wp-block-cover is-light has-parallax\"><span aria-hidden=\"true\" class=\"wp-block-cover__background has-background-dim-0 has-background-dim\"><\/span><div role=\"img\" class=\"wp-block-cover__image-background wp-image-432 has-parallax\" style=\"background-position:50% 50%;background-image:url(https:\/\/www.feridgiebler.de\/wp-content\/uploads\/2023\/08\/Gossa-scaled.jpg)\"><\/div><div class=\"wp-block-cover__inner-container is-layout-flow wp-block-cover-is-layout-flow\">\n<div style=\"height:600px\" aria-hidden=\"true\" class=\"wp-block-spacer\"><\/div>\n<\/div><\/div>\n<\/div>\n\n\n\n<div class=\"wp-block-group has-background-primary-color has-text-color has-background is-layout-flow wp-block-group-is-layout-flow\" style=\"background-color:#1e3848\">\n<h3 class=\"wp-block-heading has-background-primary-color has-text-color pt__10 pb__5 pl__10 pr__10\" style=\"font-style:normal;font-weight:400\">Infrastruktur<\/h3>\n\n\n\n<p class=\"has-background-primary-color has-text-color has-text-xs-font-size pt__5 pb__10 pl__10 pr__10\"><strong><strong>Auf eine funktionst\u00fcchtige und leistungsf\u00e4hige Infrastruktur sind wir alle angewiesen. Den \u00fcber Jahrzehnte aufgebauten Investitionsstau m\u00fcssen wir kontinuierlich abbauen.<\/strong><\/strong><\/p>\n<\/div>\n\n\n\n<div class=\"wp-block-group alignfull pt__10 pb__10 pl__10 pr__10 is-layout-flow wp-block-group-is-layout-flow\">\n<div class=\"wp-block-group is-layout-flow wp-block-group-is-layout-flow\">\n<div class=\"wp-block-group is-layout-flow wp-block-group-is-layout-flow\">\n<h5 class=\"wp-block-heading has-text-color has-text-xs-font-size pt__10 pb__5\" style=\"color:#1e3848\">GEMEINSAM konnten wir u.a. erreichen:<\/h5>\n\n\n\n<ul class=\"pl__5 wp-block-list\" style=\"line-height:2.5\">\n<li class=\"has-text-xxs-font-size\">erhebliche Investitionen in Neubau und Sanierung von Stra\u00dfen und Wegen durch Gemeinde sowie private Bautr\u00e4ger<\/li>\n\n\n\n<li class=\"has-text-xxs-font-size\">F\u00f6rdermittel Neubau Fahrradbr\u00fccke Muldenstein \u2013 Greppin, Baubeginn 2024<\/li>\n\n\n\n<li class=\"has-text-xxs-font-size\">Gemeinschaftsbauma\u00dfnahmen mit Abwasserzweckverb\u00e4nden (Herstellen Trennkanalisation, Pumpstationen Plodda und Gr\u00f6bern erneuert)<\/li>\n\n\n\n<li class=\"has-text-xxs-font-size\">Stromfreileitungen in Burgkemnitz, Gossa, Gr\u00f6bern, Schlaitz &#8211; Burgkemnitz bis August 2023 erdverkabelt, Ersatzneubau und Digitalisierung Trafostationen, Neuanschluss an Umspannwerk Radis seit Januar 2023<\/li>\n\n\n\n<li class=\"has-text-xxs-font-size\">Neubau von Leitungen und Erweiterung Trinkwassernetz in Gr\u00f6bern, Gossa, Muldenstein, M\u00fchlbeck, Pouch, Friedersdorf<\/li>\n\n\n\n<li class=\"has-text-xxs-font-size\">Ausbau gemeindeweites Glasfasernetz ab Herbst 2023<\/li>\n<\/ul>\n<\/div>\n\n\n\n<div class=\"wp-block-group is-layout-flow wp-block-group-is-layout-flow\">\n<h5 class=\"wp-block-heading has-text-color has-text-xs-font-size pt__10 pb__5\" style=\"color:#1e3848\">F\u00fcr die ZUKUNFT habe ich mir u.a. vorgenommen:<\/h5>\n\n\n\n<ul class=\"pl__5 wp-block-list\" style=\"line-height:2.5\">\n<li class=\"has-text-xxs-font-size\">Sanierung kommunaler Stra\u00dfen gemeinsam mit Zweckverb\u00e4nden und Konzessionspartnern, unbefestigte Stra\u00dfen regelm\u00e4\u00dfig instand setzen<\/li>\n\n\n\n<li class=\"has-text-xxs-font-size\">Sanierung Ortskerne mit F\u00f6rdermitteln fortsetzen (z.B. Dorfplatz Gossa)<\/li>\n\n\n\n<li class=\"has-text-xxs-font-size\">Bau fahrbahnbegleitender Radwege und \u00dcberg\u00e4nge an Kreis-, Landes- und Bundesstra\u00dfen einfordern<\/li>\n\n\n\n<li class=\"has-text-xxs-font-size\">Strom: dauerhaft unterbrechungsfreie Stromversorgung, Erdverkabelung Gossa \u2013 Schmerz sowie Krina \u2013 Schwemsal \u2013 Tornau<\/li>\n\n\n\n<li class=\"has-text-xxs-font-size\">Trinkwasser: Investitionen in Erh\u00f6hung Einspeisemengen, Druckstabilisierung, Einspeisepunkte, Erneuerung Versorgungsleitungen, Ausbau Ringnetze<\/li>\n\n\n\n<li class=\"has-text-xxs-font-size\">Mobilfunk: Netzabdeckung verbessern durch Neubau Sendemasten (u.a. Gr\u00f6bern, Pouch)<\/li>\n<\/ul>\n<\/div>\n\n\n\n<div class=\"wp-block-group is-layout-flow wp-block-group-is-layout-flow\">\n<h5 class=\"wp-block-heading has-text-color has-text-xs-font-size pt__10 pb__5\" style=\"color:#1e3848\">Programm zum Download<\/h5>\n\n\n\n<ul class=\"pl__5 wp-block-list\" style=\"line-height:2.5\">\n<li class=\"has-text-xxs-font-size\"><a href=\"https:\/\/www.feridgiebler.de\/wp-content\/uploads\/2023\/08\/10-Infrastruktur_X.pdf\" data-type=\"link\" data-id=\"https:\/\/www.feridgiebler.de\/wp-content\/uploads\/2023\/08\/10-Infrastruktur_X.pdf\" target=\"_blank\" rel=\"noreferrer noopener\">Download Infrastruktur<\/a><\/li>\n<\/ul>\n<\/div>\n<\/div>\n<\/div>\n","protected":false},"excerpt":{"rendered":"<p>Infrastruktur Auf eine funktionst\u00fcchtige und leistungsf\u00e4hige Infrastruktur sind wir alle angewiesen. Den \u00fcber Jahrzehnte aufgebauten Investitionsstau m\u00fcssen wir kontinuierlich abbauen. GEMEINSAM konnten wir u.a. erreichen: F\u00fcr die ZUKUNFT habe ich mir u.a. vorgenommen: Programm zum Download<\/p>\n","protected":false},"author":1,"featured_media":0,"parent":0,"menu_order":6,"comment_status":"closed","ping_status":"closed","template":"","meta":{"footnotes":""},"class_list":["post-52","page","type-page","status-publish","hentry"],"_links":{"self":[{"href":"https:\/\/www.feridgiebler.de\/index.php?rest_route=\/wp\/v2\/pages\/52","targetHints":{"allow":["GET"]}}],"collection":[{"href":"https:\/\/www.feridgiebler.de\/index.php?rest_route=\/wp\/v2\/pages"}],"about":[{"href":"https:\/\/www.feridgiebler.de\/index.php?rest_route=\/wp\/v2\/types\/page"}],"author":[{"embeddable":true,"href":"https:\/\/www.feridgiebler.de\/index.php?rest_route=\/wp\/v2\/users\/1"}],"replies":[{"embeddable":true,"href":"https:\/\/www.feridgiebler.de\/index.php?rest_route=%2Fwp%2Fv2%2Fcomments&post=52"}],"version-history":[{"count":19,"href":"https:\/\/www.feridgiebler.de\/index.php?rest_route=\/wp\/v2\/pages\/52\/revisions"}],"predecessor-version":[{"id":470,"href":"https:\/\/www.feridgiebler.de\/index.php?rest_route=\/wp\/v2\/pages\/52\/revisions\/470"}],"wp:attachment":[{"href":"https:\/\/www.feridgiebler.de\/index.php?rest_route=%2Fwp%2Fv2%2Fmedia&parent=52"}],"curies":[{"name":"wp","href":"https:\/\/api.w.org\/{rel}","templated":true}]}}