{"id":5,"date":"2023-08-21T16:00:24","date_gmt":"2023-08-21T14:00:24","guid":{"rendered":"https:\/\/www.feridgiebler.de\/?page_id=5"},"modified":"2023-10-24T06:47:00","modified_gmt":"2023-10-24T04:47:00","slug":"startseite","status":"publish","type":"page","link":"https:\/\/www.feridgiebler.de\/","title":{"rendered":"Startseite"},"content":{"rendered":"\n<div class=\"wp-block-group alignfull is-layout-flow wp-block-group-is-layout-flow\">\n<div class=\"wp-block-cover is-light\"><span aria-hidden=\"true\" class=\"wp-block-cover__background has-background-dim-0 has-background-dim\"><\/span><img loading=\"lazy\" decoding=\"async\" width=\"1024\" height=\"576\" class=\"wp-block-cover__image-background wp-image-22\" alt=\"\" src=\"https:\/\/www.feridgiebler.de\/wp-content\/uploads\/2023\/08\/Banner_V1-1024x576.jpg\" data-object-fit=\"cover\" srcset=\"https:\/\/www.feridgiebler.de\/wp-content\/uploads\/2023\/08\/Banner_V1-1024x576.jpg 1024w, https:\/\/www.feridgiebler.de\/wp-content\/uploads\/2023\/08\/Banner_V1-300x169.jpg 300w, https:\/\/www.feridgiebler.de\/wp-content\/uploads\/2023\/08\/Banner_V1-768x432.jpg 768w, https:\/\/www.feridgiebler.de\/wp-content\/uploads\/2023\/08\/Banner_V1-1536x864.jpg 1536w, https:\/\/www.feridgiebler.de\/wp-content\/uploads\/2023\/08\/Banner_V1-2048x1152.jpg 2048w\" sizes=\"auto, (max-width: 1024px) 100vw, 1024px\" \/><div class=\"wp-block-cover__inner-container is-layout-flow wp-block-cover-is-layout-flow\">\n<div style=\"height:800px\" aria-hidden=\"true\" class=\"wp-block-spacer\"><\/div>\n<\/div><\/div>\n<\/div>\n\n\n\n<div class=\"wp-block-group alignfull has-background-primary-color has-text-color has-background is-layout-flow wp-block-group-is-layout-flow\" style=\"background-color:#1e3848\">\n<div class=\"wp-block-ainoblocks-grid-container alignwide ab-grid-block\">\n<div class=\"wp-block-ainoblocks-grid-item col_start_d__1 col_end_d__5 col_start_t__1 col_end_t__13 col_start_m__1 col_end_m__13 align-self__start justify-self__start no-stacking\">\n<figure class=\"wp-block-image size-full\"><img loading=\"lazy\" decoding=\"async\" width=\"478\" height=\"1024\" src=\"https:\/\/www.feridgiebler.de\/wp-content\/uploads\/2023\/08\/PHOTO-2023-08-21-22-07-51.jpg\" alt=\"\" class=\"wp-image-272\" srcset=\"https:\/\/www.feridgiebler.de\/wp-content\/uploads\/2023\/08\/PHOTO-2023-08-21-22-07-51.jpg 478w, https:\/\/www.feridgiebler.de\/wp-content\/uploads\/2023\/08\/PHOTO-2023-08-21-22-07-51-140x300.jpg 140w\" sizes=\"auto, (max-width: 478px) 100vw, 478px\" \/><\/figure>\n<\/div>\n\n\n\n<div class=\"wp-block-ainoblocks-grid-item col_start_d__5 col_end_d__13 col_start_t__1 col_end_t__13 col_start_m__1 col_end_m__13 align-self__end justify-self__start no-stacking\">\n<p class=\"has-text-s-font-size pt__10 pb__5 pl__10 pr__10\">Liebe Mitb\u00fcrgerinnen und Mitb\u00fcrger, <br><br>herzlichen Dank f\u00fcr Ihre Unterst\u00fctzung in den letzten sieben Jahren!<br><br>Gemeinsam setzten wir viele Projekte um und brachten weitere auf den Weg. <br>Auf unsere gemeinsame Bilanz bin ich sehr stolz.<br><br>Zus\u00e4tzlich gewappnet mit heute sieben Jahren Erfahrung und Praxis m\u00f6chte ich meine Arbeit f\u00fcr unsere Heimat fortsetzen. Dar\u00fcber, wo unsere Gemeinde heute steht, und wohin ich sie mit Ihnen f\u00fchren m\u00f6chte, habe ich sehr viel nachgedacht.<br><br>W\u00e4hlen Sie bitte am 17. September 2023, wer k\u00fcnftig die Zukunft unserer Gemeinde gestaltet. Daf\u00fcr trete ich erneut als <strong>freier und parteiunabh\u00e4ngiger Kandidat<\/strong> f\u00fcr dieses wichtige Amt an und bitte Sie um Ihr Vertrauen und Ihre Stimme.<br><br>Ihr Ferid Giebler<br><br>Sie haben Ideen, Fragen oder Hinweise? Melden Sie sich gerne unter<br><br><strong>kontakt@feridgiebler.de <br><\/strong><br><br><a rel=\"noreferrer noopener\" href=\"https:\/\/www.feridgiebler.de\/wp-content\/uploads\/2023\/08\/00_Programm_long.pdf\" data-type=\"link\" data-id=\"https:\/\/www.feridgiebler.de\/wp-content\/uploads\/2023\/08\/00_Programm_long.pdf\" target=\"_blank\">Download des ausf\u00fchrlichen Programms<\/a><br><a rel=\"noreferrer noopener\" href=\"https:\/\/www.feridgiebler.de\/wp-content\/uploads\/2023\/08\/Flyer_final_download.pdf\" data-type=\"link\" data-id=\"https:\/\/www.feridgiebler.de\/wp-content\/uploads\/2023\/08\/Flyer_final_download.pdf\" target=\"_blank\">Download des Flyers<\/a><br><a rel=\"noreferrer noopener\" href=\"https:\/\/youtu.be\/8iHCkWwunU8\" data-type=\"link\" data-id=\"https:\/\/youtu.be\/8iHCkWwunU8\" target=\"_blank\">Meine Kandidatenvorstellung (Vide<\/a><a href=\"https:\/\/youtu.be\/8iHCkWwunU8\" data-type=\"link\" data-id=\"https:\/\/youtu.be\/8iHCkWwunU8\">o)<\/a><\/p>\n<\/div>\n<\/div>\n<\/div>\n","protected":false},"excerpt":{"rendered":"","protected":false},"author":1,"featured_media":0,"parent":0,"menu_order":0,"comment_status":"closed","ping_status":"closed","template":"","meta":{"footnotes":""},"class_list":["post-5","page","type-page","status-publish","hentry"],"_links":{"self":[{"href":"https:\/\/www.feridgiebler.de\/index.php?rest_route=\/wp\/v2\/pages\/5","targetHints":{"allow":["GET"]}}],"collection":[{"href":"https:\/\/www.feridgiebler.de\/index.php?rest_route=\/wp\/v2\/pages"}],"about":[{"href":"https:\/\/www.feridgiebler.de\/index.php?rest_route=\/wp\/v2\/types\/page"}],"author":[{"embeddable":true,"href":"https:\/\/www.feridgiebler.de\/index.php?rest_route=\/wp\/v2\/users\/1"}],"replies":[{"embeddable":true,"href":"https:\/\/www.feridgiebler.de\/index.php?rest_route=%2Fwp%2Fv2%2Fcomments&post=5"}],"version-history":[{"count":100,"href":"https:\/\/www.feridgiebler.de\/index.php?rest_route=\/wp\/v2\/pages\/5\/revisions"}],"predecessor-version":[{"id":483,"href":"https:\/\/www.feridgiebler.de\/index.php?rest_route=\/wp\/v2\/pages\/5\/revisions\/483"}],"wp:attachment":[{"href":"https:\/\/www.feridgiebler.de\/index.php?rest_route=%2Fwp%2Fv2%2Fmedia&parent=5"}],"curies":[{"name":"wp","href":"https:\/\/api.w.org\/{rel}","templated":true}]}}