{"id":48,"date":"2023-08-21T16:22:07","date_gmt":"2023-08-21T14:22:07","guid":{"rendered":"https:\/\/www.feridgiebler.de\/?page_id=48"},"modified":"2023-08-22T21:55:45","modified_gmt":"2023-08-22T19:55:45","slug":"freizeit-und-erholung","status":"publish","type":"page","link":"https:\/\/www.feridgiebler.de\/?page_id=48","title":{"rendered":"Freizeit und Erholung"},"content":{"rendered":"\n<div class=\"wp-block-group alignfull is-layout-flow wp-block-group-is-layout-flow\">\n<div class=\"wp-block-cover is-light\"><span aria-hidden=\"true\" class=\"wp-block-cover__background has-background-dim-0 has-background-dim\"><\/span><img loading=\"lazy\" decoding=\"async\" width=\"1600\" height=\"1200\" class=\"wp-block-cover__image-background wp-image-417\" alt=\"\" src=\"https:\/\/www.feridgiebler.de\/wp-content\/uploads\/2023\/08\/PHOTO-2023-08-22-00-13-43.jpg\" data-object-fit=\"cover\" srcset=\"https:\/\/www.feridgiebler.de\/wp-content\/uploads\/2023\/08\/PHOTO-2023-08-22-00-13-43.jpg 1600w, https:\/\/www.feridgiebler.de\/wp-content\/uploads\/2023\/08\/PHOTO-2023-08-22-00-13-43-300x225.jpg 300w, https:\/\/www.feridgiebler.de\/wp-content\/uploads\/2023\/08\/PHOTO-2023-08-22-00-13-43-1024x768.jpg 1024w, https:\/\/www.feridgiebler.de\/wp-content\/uploads\/2023\/08\/PHOTO-2023-08-22-00-13-43-768x576.jpg 768w, https:\/\/www.feridgiebler.de\/wp-content\/uploads\/2023\/08\/PHOTO-2023-08-22-00-13-43-1536x1152.jpg 1536w\" sizes=\"auto, (max-width: 1600px) 100vw, 1600px\" \/><div class=\"wp-block-cover__inner-container is-layout-flow wp-block-cover-is-layout-flow\">\n<div style=\"height:600px\" aria-hidden=\"true\" class=\"wp-block-spacer\"><\/div>\n<\/div><\/div>\n<\/div>\n\n\n\n<div class=\"wp-block-group has-background-primary-color has-text-color has-background is-layout-flow wp-block-group-is-layout-flow\" style=\"background-color:#1e3848\">\n<h3 class=\"wp-block-heading has-background-primary-color has-text-color pt__10 pb__5 pl__10 pr__10\" style=\"font-style:normal;font-weight:400\">Freizeit und Erholung<\/h3>\n\n\n\n<p class=\"has-background-primary-color has-text-color has-text-xs-font-size pt__5 pb__10 pl__10 pr__10\"><strong><strong>Eine breit gef\u00e4cherte Vereinslandschaft und kostenfrei verf\u00fcgbare Freizeitm\u00f6glichkeiten werten unsere Gemeinde auf und tragen zu einer hohen Lebensqualit\u00e4t bei.<\/strong><\/strong><\/p>\n<\/div>\n\n\n\n<div class=\"wp-block-group alignfull pt__10 pb__10 pl__10 pr__10 is-layout-flow wp-block-group-is-layout-flow\">\n<div class=\"wp-block-group is-layout-flow wp-block-group-is-layout-flow\">\n<div class=\"wp-block-group is-layout-flow wp-block-group-is-layout-flow\">\n<h5 class=\"wp-block-heading has-text-color has-text-xs-font-size pt__10 pb__5\" style=\"color:#1e3848\">GEMEINSAM konnten wir u.a. erreichen:<\/h5>\n\n\n\n<ul class=\"pl__5 wp-block-list\" style=\"line-height:2.5\">\n<li class=\"has-text-xxs-font-size\">Erhalt der Sportst\u00e4tten, Unterst\u00fctzung der Vereine und Ortschaften bei Betriebskosten, Veranstaltungen, \u00d6ffentlichkeitsarbeit, Spendenakquise und \u00fcber Brauchtumsmittel<\/li>\n\n\n\n<li class=\"has-text-xxs-font-size\">Erhalt Begegnungsst\u00e4tten, Parks und Arboretum als soziale Treffpunkte<\/li>\n\n\n\n<li class=\"has-text-xxs-font-size\">W\u00fcrdigung Ehrenamtlicher (Tag des Ehrenamts \/ Neujahrsempfang Gemeinde)<\/li>\n\n\n\n<li class=\"has-text-xxs-font-size\">Neubau Spielpl\u00e4tze Schlaitz, Plodda, Schwemsal, Freizeitanlage f\u00fcr Jedermann Pouch<\/li>\n\n\n\n<li class=\"has-text-xxs-font-size\">mobile Jugendsozialarbeit in allen Orten (Kinoabende, Graffitiprojekte, Heizhauspartys)<\/li>\n\n\n\n<li class=\"has-text-xxs-font-size\">Neubau Kohle-Dampf-Licht-Seen-Radweg Burgkemnitz &#8211; Blauer See in 2023<\/li>\n<\/ul>\n<\/div>\n\n\n\n<div class=\"wp-block-group is-layout-flow wp-block-group-is-layout-flow\">\n<h5 class=\"wp-block-heading has-text-color has-text-xs-font-size pt__10 pb__5\" style=\"color:#1e3848\">F\u00fcr die ZUKUNFT habe ich mir u.a. vorgenommen:<\/h5>\n\n\n\n<ul class=\"pl__5 wp-block-list\" style=\"line-height:2.5\">\n<li class=\"has-text-xxs-font-size\">Vereine weiter ideell und finanziell unterst\u00fctzen Ehrenamtliche w\u00fcrdigen<\/li>\n\n\n\n<li class=\"has-text-xxs-font-size\">Sport- und Begegnungsst\u00e4tten durch gezielte Investitionen modernisieren<\/li>\n\n\n\n<li class=\"has-text-xxs-font-size\">Neubau \/ Erweiterung Spielpl\u00e4tze Gossa und Burgkemnitz, Sanierung Spielpl\u00e4tze Muldenstein + Bullenwiese (Pouch), Freizeitanlage Pouch finalisieren, Freizeitanlage Schlaitz gem. Konzept umsetzen<\/li>\n\n\n\n<li class=\"has-text-xxs-font-size\">mobile Jugendsozialarbeit bedarfsgerecht ausbauen<\/li>\n\n\n\n<li class=\"has-text-xxs-font-size\">Erholungs- und Freizeitfl\u00e4chen dauerhaft f\u00fcr \u00f6ffentliche Nutzung sichern<\/li>\n\n\n\n<li class=\"has-text-xxs-font-size\">\u201eSteigerweg\u201c schrittweise ausbauen und kommunalen Zweckverband Goitzsche st\u00e4rker in die Pflicht nehmen<\/li>\n<\/ul>\n<\/div>\n\n\n\n<div class=\"wp-block-group is-layout-flow wp-block-group-is-layout-flow\">\n<h5 class=\"wp-block-heading has-text-color has-text-xs-font-size pt__10 pb__5\" style=\"color:#1e3848\">Programm zum Download<\/h5>\n\n\n\n<ul class=\"pl__5 wp-block-list\" style=\"line-height:2.5\">\n<li class=\"has-text-xxs-font-size\"><a href=\"https:\/\/www.feridgiebler.de\/wp-content\/uploads\/2023\/08\/09-FreizeitErholung_X.pdf\" data-type=\"link\" data-id=\"https:\/\/www.feridgiebler.de\/wp-content\/uploads\/2023\/08\/09-FreizeitErholung_X.pdf\" target=\"_blank\" rel=\"noreferrer noopener\">Download Freizeit und Erholung<\/a><\/li>\n<\/ul>\n<\/div>\n<\/div>\n<\/div>\n","protected":false},"excerpt":{"rendered":"<p>Freizeit und Erholung Eine breit gef\u00e4cherte Vereinslandschaft und kostenfrei verf\u00fcgbare Freizeitm\u00f6glichkeiten werten unsere Gemeinde auf und tragen zu einer hohen Lebensqualit\u00e4t bei. GEMEINSAM konnten wir u.a. erreichen: F\u00fcr die ZUKUNFT habe ich mir u.a. vorgenommen: Programm zum Download<\/p>\n","protected":false},"author":1,"featured_media":0,"parent":0,"menu_order":4,"comment_status":"closed","ping_status":"closed","template":"","meta":{"footnotes":""},"class_list":["post-48","page","type-page","status-publish","hentry"],"_links":{"self":[{"href":"https:\/\/www.feridgiebler.de\/index.php?rest_route=\/wp\/v2\/pages\/48","targetHints":{"allow":["GET"]}}],"collection":[{"href":"https:\/\/www.feridgiebler.de\/index.php?rest_route=\/wp\/v2\/pages"}],"about":[{"href":"https:\/\/www.feridgiebler.de\/index.php?rest_route=\/wp\/v2\/types\/page"}],"author":[{"embeddable":true,"href":"https:\/\/www.feridgiebler.de\/index.php?rest_route=\/wp\/v2\/users\/1"}],"replies":[{"embeddable":true,"href":"https:\/\/www.feridgiebler.de\/index.php?rest_route=%2Fwp%2Fv2%2Fcomments&post=48"}],"version-history":[{"count":17,"href":"https:\/\/www.feridgiebler.de\/index.php?rest_route=\/wp\/v2\/pages\/48\/revisions"}],"predecessor-version":[{"id":467,"href":"https:\/\/www.feridgiebler.de\/index.php?rest_route=\/wp\/v2\/pages\/48\/revisions\/467"}],"wp:attachment":[{"href":"https:\/\/www.feridgiebler.de\/index.php?rest_route=%2Fwp%2Fv2%2Fmedia&parent=48"}],"curies":[{"name":"wp","href":"https:\/\/api.w.org\/{rel}","templated":true}]}}