{"id":46,"date":"2023-08-21T16:21:55","date_gmt":"2023-08-21T14:21:55","guid":{"rendered":"https:\/\/www.feridgiebler.de\/?page_id=46"},"modified":"2023-08-22T21:55:29","modified_gmt":"2023-08-22T19:55:29","slug":"leben-und-wohnen","status":"publish","type":"page","link":"https:\/\/www.feridgiebler.de\/?page_id=46","title":{"rendered":"Leben und Wohnen"},"content":{"rendered":"\n<div class=\"wp-block-group alignfull is-layout-flow wp-block-group-is-layout-flow\">\n<div class=\"wp-block-cover\"><span aria-hidden=\"true\" class=\"wp-block-cover__background has-background-dim-0 has-background-dim\"><\/span><img loading=\"lazy\" decoding=\"async\" width=\"2560\" height=\"1440\" class=\"wp-block-cover__image-background wp-image-408\" alt=\"\" src=\"https:\/\/www.feridgiebler.de\/wp-content\/uploads\/2023\/08\/DSC_0727-scaled.jpg\" data-object-fit=\"cover\" srcset=\"https:\/\/www.feridgiebler.de\/wp-content\/uploads\/2023\/08\/DSC_0727-scaled.jpg 2560w, https:\/\/www.feridgiebler.de\/wp-content\/uploads\/2023\/08\/DSC_0727-300x169.jpg 300w, https:\/\/www.feridgiebler.de\/wp-content\/uploads\/2023\/08\/DSC_0727-1024x576.jpg 1024w, https:\/\/www.feridgiebler.de\/wp-content\/uploads\/2023\/08\/DSC_0727-768x432.jpg 768w, https:\/\/www.feridgiebler.de\/wp-content\/uploads\/2023\/08\/DSC_0727-1536x864.jpg 1536w, https:\/\/www.feridgiebler.de\/wp-content\/uploads\/2023\/08\/DSC_0727-2048x1152.jpg 2048w\" sizes=\"auto, (max-width: 2560px) 100vw, 2560px\" \/><div class=\"wp-block-cover__inner-container is-layout-flow wp-block-cover-is-layout-flow\">\n<div style=\"height:600px\" aria-hidden=\"true\" class=\"wp-block-spacer\"><\/div>\n<\/div><\/div>\n<\/div>\n\n\n\n<div class=\"wp-block-group has-background-primary-color has-text-color has-background is-layout-flow wp-block-group-is-layout-flow\" style=\"background-color:#1e3848\">\n<h3 class=\"wp-block-heading has-background-primary-color has-text-color pt__10 pb__5 pl__10 pr__10\" style=\"font-style:normal;font-weight:400\">Leben und Wohnen<\/h3>\n\n\n\n<p class=\"has-background-primary-color has-text-color has-text-xs-font-size pt__5 pb__10 pl__10 pr__10\"><strong><strong>Mein Ziel ist eine liebens- und lebenswerte Gemeinde f\u00fcr alle Generationen. Um dem demografischen Wandel die Stirn zu bieten, brauchen wir Zuzug, vor allem von Familien mit Kindern. Unsere \u00c4ltesten sollen ihren Lebensabend in unserer Mitte verbringen k\u00f6nnen.<\/strong><\/strong><\/p>\n<\/div>\n\n\n\n<div class=\"wp-block-group alignfull pt__10 pb__10 pl__10 pr__10 is-layout-flow wp-block-group-is-layout-flow\">\n<div class=\"wp-block-group is-layout-flow wp-block-group-is-layout-flow\">\n<div class=\"wp-block-group is-layout-flow wp-block-group-is-layout-flow\">\n<h5 class=\"wp-block-heading has-text-color has-text-xs-font-size pt__10 pb__5\" style=\"color:#1e3848\">GEMEINSAM konnten wir u.a. erreichen:<\/h5>\n\n\n\n<ul class=\"pl__5 wp-block-list\" style=\"line-height:2.5\">\n<li class=\"has-text-xxs-font-size\">Kitas, Horte und Schulen langfristig gesichert, Betreuungskapazit\u00e4t ausgebaut und fortlaufende Sanierungen in allen Einrichtungen<\/li>\n\n\n\n<li class=\"has-text-xxs-font-size\">Einwohnerzahl durch gezielte Ausweisung von Wohnbaufl\u00e4chen, betreuten Wohnanlagen und Umbau von Bauruinen stabilisiert<\/li>\n\n\n\n<li class=\"has-text-xxs-font-size\">Rettung Poucher Schloss mit Neugestaltung Ensemble Schloss, Schlossgarten, Roter Turm<\/li>\n\n\n\n<li class=\"has-text-xxs-font-size\">Zukunftsprojekt \u201eBioenergiedorf Neu-Muldenstein\u201c gesichert (Wohngebiet Feldberg, Neubau Kita\/Hort, Erwerb\/Sanierung Bahnhof und Vorplatz, Neubau Muldebr\u00fccke Greppin \u2013 Muldenstein, regenerative Energieversorgung)<\/li>\n\n\n\n<li class=\"has-text-xxs-font-size\">bezahlbare Mieten in ca. 100 kommunalen Wohnungen<\/li>\n\n\n\n<li class=\"has-text-xxs-font-size\">Ansiedlung Gesundheitsdienstleister (\u00c4rzte, Physiotherapie, Kosmetik)<\/li>\n\n\n\n<li class=\"has-text-xxs-font-size\">erster 24\/7-Dorfladen f\u00fcr Burgkemnitz in Vorbereitung<\/li>\n<\/ul>\n<\/div>\n\n\n\n<div class=\"wp-block-group is-layout-flow wp-block-group-is-layout-flow\">\n<h5 class=\"wp-block-heading has-text-color has-text-xs-font-size pt__10 pb__5\" style=\"color:#1e3848\">F\u00fcr die ZUKUNFT habe ich mir u.a. vorgenommen:<\/h5>\n\n\n\n<ul class=\"pl__5 wp-block-list\" style=\"line-height:2.5\">\n<li class=\"has-text-xxs-font-size\">Erweiterung Kita Friedersdorf bis Ende 2023, Neubau Kita\/Hort Muldenstein bis 2025, Sanierung Schulhof R\u00f6sa<\/li>\n\n\n\n<li class=\"has-text-xxs-font-size\">St\u00e4rkung der 3 Grundschulen, Kitas und Horte durch Sanierung und Erweiterung<\/li>\n\n\n\n<li class=\"has-text-xxs-font-size\">vor Neuausweisungen Wohngebiete f\u00fcllen, Baul\u00fccken schlie\u00dfen und betreute Wohnanlagen entwickeln<\/li>\n\n\n\n<li class=\"has-text-xxs-font-size\">medizinische Versorgung sichern durch zentrale und\/oder kombinierte Einrichtungen (z.B. \u00c4rztehaus Sonnengrund)<\/li>\n\n\n\n<li class=\"has-text-xxs-font-size\">Verbraucherm\u00e4rkte langfristig halten<\/li>\n\n\n\n<li class=\"has-text-xxs-font-size\">24\/7-Dorfl\u00e4den und zweite Postfiliale in Heideorten realisieren<\/li>\n<\/ul>\n<\/div>\n\n\n\n<div class=\"wp-block-group is-layout-flow wp-block-group-is-layout-flow\">\n<h5 class=\"wp-block-heading has-text-color has-text-xs-font-size pt__10 pb__5\" style=\"color:#1e3848\">Programm zum Download<\/h5>\n\n\n\n<ul class=\"pl__5 wp-block-list\" style=\"line-height:2.5\">\n<li class=\"has-text-xxs-font-size\"><a href=\"https:\/\/www.feridgiebler.de\/wp-content\/uploads\/2023\/08\/07-LebenWohnen_X.pdf\" data-type=\"link\" data-id=\"https:\/\/www.feridgiebler.de\/wp-content\/uploads\/2023\/08\/07-LebenWohnen_X.pdf\" target=\"_blank\" rel=\"noreferrer noopener\">Download Leben und Wohnen<\/a><\/li>\n<\/ul>\n<\/div>\n<\/div>\n<\/div>\n","protected":false},"excerpt":{"rendered":"<p>Leben und Wohnen Mein Ziel ist eine liebens- und lebenswerte Gemeinde f\u00fcr alle Generationen. Um dem demografischen Wandel die Stirn zu bieten, brauchen wir Zuzug, vor allem von Familien mit Kindern. Unsere \u00c4ltesten sollen ihren Lebensabend in unserer Mitte verbringen k\u00f6nnen. GEMEINSAM konnten wir u.a. erreichen: F\u00fcr die ZUKUNFT habe ich mir u.a. vorgenommen: Programm [&hellip;]<\/p>\n","protected":false},"author":1,"featured_media":0,"parent":0,"menu_order":3,"comment_status":"closed","ping_status":"closed","template":"","meta":{"footnotes":""},"class_list":["post-46","page","type-page","status-publish","hentry"],"_links":{"self":[{"href":"https:\/\/www.feridgiebler.de\/index.php?rest_route=\/wp\/v2\/pages\/46","targetHints":{"allow":["GET"]}}],"collection":[{"href":"https:\/\/www.feridgiebler.de\/index.php?rest_route=\/wp\/v2\/pages"}],"about":[{"href":"https:\/\/www.feridgiebler.de\/index.php?rest_route=\/wp\/v2\/types\/page"}],"author":[{"embeddable":true,"href":"https:\/\/www.feridgiebler.de\/index.php?rest_route=\/wp\/v2\/users\/1"}],"replies":[{"embeddable":true,"href":"https:\/\/www.feridgiebler.de\/index.php?rest_route=%2Fwp%2Fv2%2Fcomments&post=46"}],"version-history":[{"count":34,"href":"https:\/\/www.feridgiebler.de\/index.php?rest_route=\/wp\/v2\/pages\/46\/revisions"}],"predecessor-version":[{"id":466,"href":"https:\/\/www.feridgiebler.de\/index.php?rest_route=\/wp\/v2\/pages\/46\/revisions\/466"}],"wp:attachment":[{"href":"https:\/\/www.feridgiebler.de\/index.php?rest_route=%2Fwp%2Fv2%2Fmedia&parent=46"}],"curies":[{"name":"wp","href":"https:\/\/api.w.org\/{rel}","templated":true}]}}