{"id":42,"date":"2023-08-21T16:21:04","date_gmt":"2023-08-21T14:21:04","guid":{"rendered":"https:\/\/www.feridgiebler.de\/?page_id=42"},"modified":"2023-08-22T21:54:57","modified_gmt":"2023-08-22T19:54:57","slug":"buerger-und-politik","status":"publish","type":"page","link":"https:\/\/www.feridgiebler.de\/?page_id=42","title":{"rendered":"B\u00fcrger und Politik"},"content":{"rendered":"\n<div class=\"wp-block-group alignfull is-layout-flow wp-block-group-is-layout-flow\">\n<div class=\"wp-block-cover is-light\"><span aria-hidden=\"true\" class=\"wp-block-cover__background has-background-dim-0 has-background-dim\"><\/span><img loading=\"lazy\" decoding=\"async\" width=\"2560\" height=\"1703\" class=\"wp-block-cover__image-background wp-image-269\" alt=\"\" src=\"https:\/\/www.feridgiebler.de\/wp-content\/uploads\/2023\/08\/dsc_6731-scaled.jpeg\" data-object-fit=\"cover\" srcset=\"https:\/\/www.feridgiebler.de\/wp-content\/uploads\/2023\/08\/dsc_6731-scaled.jpeg 2560w, https:\/\/www.feridgiebler.de\/wp-content\/uploads\/2023\/08\/dsc_6731-300x200.jpeg 300w, https:\/\/www.feridgiebler.de\/wp-content\/uploads\/2023\/08\/dsc_6731-1024x681.jpeg 1024w, https:\/\/www.feridgiebler.de\/wp-content\/uploads\/2023\/08\/dsc_6731-768x511.jpeg 768w, https:\/\/www.feridgiebler.de\/wp-content\/uploads\/2023\/08\/dsc_6731-1536x1022.jpeg 1536w, https:\/\/www.feridgiebler.de\/wp-content\/uploads\/2023\/08\/dsc_6731-2048x1363.jpeg 2048w\" sizes=\"auto, (max-width: 2560px) 100vw, 2560px\" \/><div class=\"wp-block-cover__inner-container is-layout-flow wp-block-cover-is-layout-flow\">\n<div style=\"height:600px\" aria-hidden=\"true\" class=\"wp-block-spacer\"><\/div>\n<\/div><\/div>\n<\/div>\n\n\n\n<div class=\"wp-block-group has-background-primary-color has-text-color has-background is-layout-flow wp-block-group-is-layout-flow\" style=\"background-color:#1e3848\">\n<h3 class=\"wp-block-heading has-background-primary-color has-text-color pt__10 pb__5 pl__10 pr__10\" style=\"font-style:normal;font-weight:400\">B\u00fcrger und Politik<\/h3>\n\n\n\n<p class=\"has-background-primary-color has-text-color has-text-xs-font-size pt__5 pb__10 pl__10 pr__10\"><strong>Unsere B\u00fcrger haben einen Anspruch auf fr\u00fchzeitige und regelm\u00e4\u00dfige Informationen sowie kurze Wege zu B\u00fcrgermeister und Gemeindeverwaltung.<\/strong><\/p>\n<\/div>\n\n\n\n<div class=\"wp-block-group alignfull pt__10 pb__10 pl__10 pr__10 is-layout-flow wp-block-group-is-layout-flow\">\n<div class=\"wp-block-group is-layout-flow wp-block-group-is-layout-flow\">\n<div class=\"wp-block-group is-layout-flow wp-block-group-is-layout-flow\">\n<h5 class=\"wp-block-heading has-text-color has-text-xs-font-size pt__10 pb__5\" style=\"color:#1e3848\">GEMEINSAM konnten wir u.a. erreichen:<\/h5>\n\n\n\n<ul class=\"pl__5 wp-block-list\" style=\"line-height:2.5\">\n<li class=\"has-text-xxs-font-size\">Integriertes Gemeindeentwicklungskonzept (2018) nach umfassender B\u00fcrgerbeteiligung<\/li>\n\n\n\n<li class=\"has-text-xxs-font-size\">B\u00fcrgermelder \u201esag&#8217;s uns einfach\u201c und projektbezogene B\u00fcrgerbeteiligungen<\/li>\n\n\n\n<li class=\"has-text-xxs-font-size\">ich informiere pers\u00f6nlich, regelm\u00e4\u00dfig sowie umfassend und bin direkt erreichbar<\/li>\n\n\n\n<li class=\"has-text-xxs-font-size\">stabile politische Mehrheiten f\u00fcr wichtige Zukunftsentscheidungen<\/li>\n\n\n\n<li class=\"has-text-xxs-font-size\">Beitritt zum St\u00e4dtebund D\u00fcbener Heide<\/li>\n\n\n\n<li class=\"has-text-xxs-font-size\">Jugendgemeinderat Muldestausee landesweit einzigartige Interessenvertretung mit effektiver Beteiligung an Kommunalpolitik<\/li>\n\n\n\n<li class=\"has-text-xxs-font-size\">Beauftragte f\u00fcr Senioren und Menschen mit Behinderungen, Schiedsperson, Ortschronisten, \u201eDorfk\u00fcmmerer\u201c und Gemeinschaftsaktionen werten Gemeinde auf<\/li>\n\n\n\n<li class=\"has-text-xxs-font-size\">l\u00e4ngere \u00d6ffnungszeiten (dienstags bis 18:00 Uhr) erleichtern Berufst\u00e4tigen Beh\u00f6rdeng\u00e4nge und feste Terminvergaben verk\u00fcrzen Wartezeiten<\/li>\n<\/ul>\n<\/div>\n\n\n\n<div class=\"wp-block-group is-layout-flow wp-block-group-is-layout-flow\">\n<h5 class=\"wp-block-heading has-text-color has-text-xs-font-size pt__10 pb__5\" style=\"color:#1e3848\">F\u00fcr die ZUKUNFT habe ich mir u.a. vorgenommen:<\/h5>\n\n\n\n<ul class=\"pl__5 wp-block-list\" style=\"line-height:2.5\">\n<li class=\"has-text-xxs-font-size\">meine transparente Informations- und Beteiligungspolitik setze ich fort und bleibe pers\u00f6nlicher Ansprechpartner<\/li>\n\n\n\n<li class=\"has-text-xxs-font-size\">Interessenausgleich in Gemeinde- und Ortsr\u00e4ten organisieren sowie Gremiensitzungen k\u00fcnftig per Videostream oder -aufzeichnung verf\u00fcgbar machen<\/li>\n\n\n\n<li class=\"has-text-xxs-font-size\">interkommunale sowie gemeindeinterne Kommunikation und Kooperation mit Interessenvertretungen und Gemeinschaftsprojekte fortf\u00fchren<\/li>\n\n\n\n<li class=\"has-text-xxs-font-size\">effiziente, kosteng\u00fcnstige und dienstleistungsorientierte Erledigung von Verwaltungsvorg\u00e4ngen, insbesondere durch Ausbau digitaler Dienste und Online-Service<\/li>\n<\/ul>\n<\/div>\n\n\n\n<div class=\"wp-block-group is-layout-flow wp-block-group-is-layout-flow\">\n<h5 class=\"wp-block-heading has-text-color has-text-xs-font-size pt__10 pb__5\" style=\"color:#1e3848\">Programm zum Download<\/h5>\n\n\n\n<ul class=\"pl__5 wp-block-list\" style=\"line-height:2.5\">\n<li class=\"has-text-xxs-font-size\"><a href=\"https:\/\/www.feridgiebler.de\/wp-content\/uploads\/2023\/08\/05-BuergerPolitik_X.pdf\" data-type=\"link\" data-id=\"https:\/\/www.feridgiebler.de\/wp-content\/uploads\/2023\/08\/05-BuergerPolitik_X.pdf\" target=\"_blank\" rel=\"noreferrer noopener\">Download B\u00fcrger und Politik<\/a><\/li>\n<\/ul>\n<\/div>\n<\/div>\n<\/div>\n","protected":false},"excerpt":{"rendered":"<p>B\u00fcrger und Politik Unsere B\u00fcrger haben einen Anspruch auf fr\u00fchzeitige und regelm\u00e4\u00dfige Informationen sowie kurze Wege zu B\u00fcrgermeister und Gemeindeverwaltung. GEMEINSAM konnten wir u.a. erreichen: F\u00fcr die ZUKUNFT habe ich mir u.a. vorgenommen: Programm zum Download<\/p>\n","protected":false},"author":1,"featured_media":0,"parent":0,"menu_order":1,"comment_status":"closed","ping_status":"closed","template":"","meta":{"footnotes":""},"class_list":["post-42","page","type-page","status-publish","hentry"],"_links":{"self":[{"href":"https:\/\/www.feridgiebler.de\/index.php?rest_route=\/wp\/v2\/pages\/42","targetHints":{"allow":["GET"]}}],"collection":[{"href":"https:\/\/www.feridgiebler.de\/index.php?rest_route=\/wp\/v2\/pages"}],"about":[{"href":"https:\/\/www.feridgiebler.de\/index.php?rest_route=\/wp\/v2\/types\/page"}],"author":[{"embeddable":true,"href":"https:\/\/www.feridgiebler.de\/index.php?rest_route=\/wp\/v2\/users\/1"}],"replies":[{"embeddable":true,"href":"https:\/\/www.feridgiebler.de\/index.php?rest_route=%2Fwp%2Fv2%2Fcomments&post=42"}],"version-history":[{"count":49,"href":"https:\/\/www.feridgiebler.de\/index.php?rest_route=\/wp\/v2\/pages\/42\/revisions"}],"predecessor-version":[{"id":464,"href":"https:\/\/www.feridgiebler.de\/index.php?rest_route=\/wp\/v2\/pages\/42\/revisions\/464"}],"wp:attachment":[{"href":"https:\/\/www.feridgiebler.de\/index.php?rest_route=%2Fwp%2Fv2%2Fmedia&parent=42"}],"curies":[{"name":"wp","href":"https:\/\/api.w.org\/{rel}","templated":true}]}}